{"id":3848,"date":"2026-01-08T15:57:56","date_gmt":"2026-01-08T14:57:56","guid":{"rendered":"https:\/\/parcdubocasse.fr\/scolaires\/"},"modified":"2026-04-03T09:30:10","modified_gmt":"2026-04-03T07:30:10","slug":"scolaires","status":"publish","type":"page","link":"https:\/\/parcdubocasse.fr\/en\/groups-ec\/school\/","title":{"rendered":"Scolaires"},"content":{"rendered":"\t\t<div data-elementor-type=\"wp-page\" data-elementor-id=\"3848\" class=\"elementor elementor-3848 elementor-297\" data-elementor-post-type=\"page\">\n\t\t\t\t<div class=\"elementor-element elementor-element-38f1464 e-con-full section-hero e-flex e-con e-parent\" data-id=\"38f1464\" data-element_type=\"container\" data-e-type=\"container\">\n\t\t\t\t<div class=\"elementor-element elementor-element-83174f4 hero-img elementor-widget__width-inherit elementor-absolute elementor-widget elementor-widget-image\" data-id=\"83174f4\" data-element_type=\"widget\" data-e-type=\"widget\" data-settings=\"{&quot;_position&quot;:&quot;absolute&quot;}\" data-widget_type=\"image.default\">\n\t\t\t\t\t\t\t\t\t\t\t\t\t\t\t<img fetchpriority=\"high\" decoding=\"async\" width=\"1920\" height=\"2880\" src=\"https:\/\/parcdubocasse.fr\/wp-content\/uploads\/2026\/02\/splashosaure-15.webp\" class=\"attachment-full size-full wp-image-5227\" alt=\"\" srcset=\"https:\/\/parcdubocasse.fr\/wp-content\/uploads\/2026\/02\/splashosaure-15.webp 1920w, https:\/\/parcdubocasse.fr\/wp-content\/uploads\/2026\/02\/splashosaure-15-200x300.webp 200w, https:\/\/parcdubocasse.fr\/wp-content\/uploads\/2026\/02\/splashosaure-15-683x1024.webp 683w, https:\/\/parcdubocasse.fr\/wp-content\/uploads\/2026\/02\/splashosaure-15-768x1152.webp 768w, https:\/\/parcdubocasse.fr\/wp-content\/uploads\/2026\/02\/splashosaure-15-1024x1536.webp 1024w, https:\/\/parcdubocasse.fr\/wp-content\/uploads\/2026\/02\/splashosaure-15-1365x2048.webp 1365w\" sizes=\"(max-width: 1920px) 100vw, 1920px\" \/>\t\t\t\t\t\t\t\t\t\t\t\t\t\t\t<\/div>\n\t\t<div class=\"elementor-element elementor-element-2c1249a e-flex e-con-boxed e-con e-child\" data-id=\"2c1249a\" data-element_type=\"container\" data-e-type=\"container\">\n\t\t\t\t\t<div class=\"e-con-inner\">\n\t\t\t\t<div class=\"elementor-element elementor-element-0df747f fildariane elementor-widget elementor-widget-global elementor-global-5594 elementor-global-2255 elementor-widget-html\" data-id=\"0df747f\" data-element_type=\"widget\" data-e-type=\"widget\" data-widget_type=\"html.default\">\n\t\t\t\t\t<nav aria-label=\"breadcrumbs\" class=\"rank-math-breadcrumb\"><p><a href=\"https:\/\/parcdubocasse.preprod.d-impulse.com\/en\" target=\"_blank\" rel=\"noopener\">Home<\/a><span class=\"separator\"> &gt; <\/span><a href=\"https:\/\/parcdubocasse.fr\/en\/groups-ec\/\">Groupe &amp; CE<\/a><span class=\"separator\"> &gt; <\/span><span class=\"last\">Home<\/span><\/p><\/nav>\t\t\t\t<\/div>\n\t\t<div class=\"elementor-element elementor-element-b7c0f27 e-con-full e-flex e-con e-child\" data-id=\"b7c0f27\" data-element_type=\"container\" data-e-type=\"container\">\n\t\t\t\t<div class=\"elementor-element elementor-element-ae7216b text-shadow elementor-widget elementor-widget-heading\" data-id=\"ae7216b\" data-element_type=\"widget\" data-e-type=\"widget\" data-widget_type=\"heading.default\">\n\t\t\t\t\t<h1 class=\"elementor-heading-title elementor-size-default\">Groupes scolaires<\/h1>\t\t\t\t<\/div>\n\t\t\t\t<\/div>\n\t\t\t\t\t<\/div>\n\t\t\t\t<\/div>\n\t\t\t\t<\/div>\n\t\t<main class=\"elementor-element elementor-element-d379700 e-flex e-con-boxed e-con e-parent\" data-id=\"d379700\" data-element_type=\"container\" data-e-type=\"container\" data-settings=\"{&quot;background_background&quot;:&quot;classic&quot;}\">\n\t\t\t\t\t<div class=\"e-con-inner\">\n\t\t\t\t<div class=\"elementor-element elementor-element-89919e6 elementor-cta--skin-cover elementor-cta--valign-bottom elementor-widget__width-initial bloc-calltoaction e-transform elementor-widget-mobile__width-inherit elementor-widget elementor-widget-call-to-action\" data-id=\"89919e6\" data-element_type=\"widget\" data-e-type=\"widget\" data-settings=\"{&quot;_transform_translateY_effect&quot;:{&quot;unit&quot;:&quot;custom&quot;,&quot;size&quot;:&quot;calc(var(--xl)*-2)&quot;,&quot;sizes&quot;:[]},&quot;_transform_translateY_effect_tablet&quot;:{&quot;unit&quot;:&quot;custom&quot;,&quot;size&quot;:&quot;&quot;,&quot;sizes&quot;:[]},&quot;_transform_translateY_effect_mobile&quot;:{&quot;unit&quot;:&quot;custom&quot;,&quot;size&quot;:&quot;&quot;,&quot;sizes&quot;:[]},&quot;_transform_translateX_effect&quot;:{&quot;unit&quot;:&quot;px&quot;,&quot;size&quot;:&quot;&quot;,&quot;sizes&quot;:[]},&quot;_transform_translateX_effect_tablet&quot;:{&quot;unit&quot;:&quot;px&quot;,&quot;size&quot;:&quot;&quot;,&quot;sizes&quot;:[]},&quot;_transform_translateX_effect_mobile_extra&quot;:{&quot;unit&quot;:&quot;px&quot;,&quot;size&quot;:&quot;&quot;,&quot;sizes&quot;:[]},&quot;_transform_translateX_effect_mobile&quot;:{&quot;unit&quot;:&quot;px&quot;,&quot;size&quot;:&quot;&quot;,&quot;sizes&quot;:[]},&quot;_transform_translateY_effect_mobile_extra&quot;:{&quot;unit&quot;:&quot;px&quot;,&quot;size&quot;:&quot;&quot;,&quot;sizes&quot;:[]}}\" data-widget_type=\"call-to-action.default\">\n\t\t\t\t\t\t\t<a class=\"elementor-cta\" href=\"https:\/\/parcdubocasse.fr\/groupe-ce\/scolaires\/ecoles-elementaires\/\">\n\t\t\t\t\t<div class=\"elementor-cta__bg-wrapper\">\n\t\t\t\t<div class=\"elementor-cta__bg elementor-bg\" style=\"background-image: url(https:\/\/parcdubocasse.fr\/wp-content\/uploads\/2026\/04\/ecole-primaire.png);\" role=\"img\" aria-label=\"ecole-primaire\"><\/div>\n\t\t\t\t<div class=\"elementor-cta__bg-overlay\"><\/div>\n\t\t\t<\/div>\n\t\t\t\t\t\t\t<div class=\"elementor-cta__content\">\n\t\t\t\t\n\t\t\t\t\n\t\t\t\t\n\t\t\t\t\t\t\t\t\t<div class=\"elementor-cta__button-wrapper elementor-cta__content-item elementor-content-item \">\n\t\t\t\t\t<span class=\"elementor-cta__button elementor-button elementor-size-\">\n\t\t\t\t\t\t\u00c9coles \u00e9l\u00e9mentaires\t\t\t\t\t<\/span>\n\t\t\t\t\t<\/div>\n\t\t\t\t\t\t\t<\/div>\n\t\t\t\t\t\t<\/a>\n\t\t\t\t\t\t<\/div>\n\t\t\t\t<div class=\"elementor-element elementor-element-9a0588d elementor-cta--skin-cover elementor-cta--valign-bottom elementor-widget__width-initial bloc-calltoaction e-transform elementor-widget-mobile__width-inherit elementor-widget elementor-widget-call-to-action\" data-id=\"9a0588d\" data-element_type=\"widget\" data-e-type=\"widget\" data-settings=\"{&quot;_transform_translateY_effect&quot;:{&quot;unit&quot;:&quot;custom&quot;,&quot;size&quot;:&quot;calc(var(--xl)*-2)&quot;,&quot;sizes&quot;:[]},&quot;_transform_translateY_effect_tablet&quot;:{&quot;unit&quot;:&quot;custom&quot;,&quot;size&quot;:&quot;&quot;,&quot;sizes&quot;:[]},&quot;_transform_translateY_effect_mobile&quot;:{&quot;unit&quot;:&quot;custom&quot;,&quot;size&quot;:&quot;&quot;,&quot;sizes&quot;:[]},&quot;_transform_translateX_effect&quot;:{&quot;unit&quot;:&quot;px&quot;,&quot;size&quot;:&quot;&quot;,&quot;sizes&quot;:[]},&quot;_transform_translateX_effect_tablet&quot;:{&quot;unit&quot;:&quot;px&quot;,&quot;size&quot;:&quot;&quot;,&quot;sizes&quot;:[]},&quot;_transform_translateX_effect_mobile_extra&quot;:{&quot;unit&quot;:&quot;px&quot;,&quot;size&quot;:&quot;&quot;,&quot;sizes&quot;:[]},&quot;_transform_translateX_effect_mobile&quot;:{&quot;unit&quot;:&quot;px&quot;,&quot;size&quot;:&quot;&quot;,&quot;sizes&quot;:[]},&quot;_transform_translateY_effect_mobile_extra&quot;:{&quot;unit&quot;:&quot;px&quot;,&quot;size&quot;:&quot;&quot;,&quot;sizes&quot;:[]}}\" data-widget_type=\"call-to-action.default\">\n\t\t\t\t\t\t\t<a class=\"elementor-cta\" href=\"https:\/\/parcdubocasse.fr\/groupe-ce\/scolaires\/colleges\/\">\n\t\t\t\t\t<div class=\"elementor-cta__bg-wrapper\">\n\t\t\t\t<div class=\"elementor-cta__bg elementor-bg\" style=\"background-image: url(https:\/\/parcdubocasse.fr\/wp-content\/uploads\/2026\/04\/ecole-college-lycee.png);\" role=\"img\" aria-label=\"ecole-college-lycee\"><\/div>\n\t\t\t\t<div class=\"elementor-cta__bg-overlay\"><\/div>\n\t\t\t<\/div>\n\t\t\t\t\t\t\t<div class=\"elementor-cta__content\">\n\t\t\t\t\n\t\t\t\t\n\t\t\t\t\n\t\t\t\t\t\t\t\t\t<div class=\"elementor-cta__button-wrapper elementor-cta__content-item elementor-content-item \">\n\t\t\t\t\t<span class=\"elementor-cta__button elementor-button elementor-size-\">\n\t\t\t\t\t\tColl\u00e8ges\t\t\t\t\t<\/span>\n\t\t\t\t\t<\/div>\n\t\t\t\t\t\t\t<\/div>\n\t\t\t\t\t\t<\/a>\n\t\t\t\t\t\t<\/div>\n\t\t\t\t\t<\/div>\n\t\t\t\t<\/main>\n\t\t\t\t<\/div>\n\t\t","protected":false},"excerpt":{"rendered":"<p>Groupes scolaires \u00c9coles \u00e9l\u00e9mentaires Coll\u00e8ges<\/p>\n","protected":false},"author":1,"featured_media":0,"parent":4075,"menu_order":0,"comment_status":"closed","ping_status":"closed","template":"","meta":{"_acf_changed":false,"footnotes":""},"class_list":["post-3848","page","type-page","status-publish","hentry"],"acf":[],"_links":{"self":[{"href":"https:\/\/parcdubocasse.fr\/en\/wp-json\/wp\/v2\/pages\/3848","targetHints":{"allow":["GET"]}}],"collection":[{"href":"https:\/\/parcdubocasse.fr\/en\/wp-json\/wp\/v2\/pages"}],"about":[{"href":"https:\/\/parcdubocasse.fr\/en\/wp-json\/wp\/v2\/types\/page"}],"author":[{"embeddable":true,"href":"https:\/\/parcdubocasse.fr\/en\/wp-json\/wp\/v2\/users\/1"}],"replies":[{"embeddable":true,"href":"https:\/\/parcdubocasse.fr\/en\/wp-json\/wp\/v2\/comments?post=3848"}],"version-history":[{"count":0,"href":"https:\/\/parcdubocasse.fr\/en\/wp-json\/wp\/v2\/pages\/3848\/revisions"}],"up":[{"embeddable":true,"href":"https:\/\/parcdubocasse.fr\/en\/wp-json\/wp\/v2\/pages\/4075"}],"wp:attachment":[{"href":"https:\/\/parcdubocasse.fr\/en\/wp-json\/wp\/v2\/media?parent=3848"}],"curies":[{"name":"wp","href":"https:\/\/api.w.org\/{rel}","templated":true}]}}