{"id":3804,"date":"2026-01-06T09:56:23","date_gmt":"2026-01-06T08:56:23","guid":{"rendered":"https:\/\/parcdubocasse.fr\/plan\/"},"modified":"2026-03-20T14:53:41","modified_gmt":"2026-03-20T13:53:41","slug":"plan","status":"publish","type":"page","link":"https:\/\/parcdubocasse.fr\/en\/useful-informations\/park-map\/","title":{"rendered":"Plan"},"content":{"rendered":"\t\t<div data-elementor-type=\"wp-page\" data-elementor-id=\"3804\" class=\"elementor elementor-3804 elementor-150\" data-elementor-post-type=\"page\">\n\t\t\t\t<div class=\"elementor-element elementor-element-68e9f55 e-con-full section-hero e-flex e-con e-parent\" data-id=\"68e9f55\" data-element_type=\"container\" data-e-type=\"container\">\n\t\t\t\t<div class=\"elementor-element elementor-element-881b19b hero-img elementor-widget__width-inherit elementor-absolute elementor-widget elementor-widget-image\" data-id=\"881b19b\" data-element_type=\"widget\" data-e-type=\"widget\" data-settings=\"{&quot;_position&quot;:&quot;absolute&quot;}\" data-widget_type=\"image.default\">\n\t\t\t\t\t\t\t\t\t\t\t\t\t\t\t<img fetchpriority=\"high\" decoding=\"async\" width=\"1920\" height=\"992\" src=\"https:\/\/parcdubocasse.fr\/wp-content\/uploads\/2026\/02\/parc-05.webp\" class=\"attachment-full size-full wp-image-5211\" alt=\"\" srcset=\"https:\/\/parcdubocasse.fr\/wp-content\/uploads\/2026\/02\/parc-05.webp 1920w, https:\/\/parcdubocasse.fr\/wp-content\/uploads\/2026\/02\/parc-05-300x155.webp 300w, https:\/\/parcdubocasse.fr\/wp-content\/uploads\/2026\/02\/parc-05-1024x529.webp 1024w, https:\/\/parcdubocasse.fr\/wp-content\/uploads\/2026\/02\/parc-05-768x397.webp 768w, https:\/\/parcdubocasse.fr\/wp-content\/uploads\/2026\/02\/parc-05-1536x794.webp 1536w\" sizes=\"(max-width: 1920px) 100vw, 1920px\" \/>\t\t\t\t\t\t\t\t\t\t\t\t\t\t\t<\/div>\n\t\t<div class=\"elementor-element elementor-element-6fbf123 e-flex e-con-boxed e-con e-child\" data-id=\"6fbf123\" data-element_type=\"container\" data-e-type=\"container\">\n\t\t\t\t\t<div class=\"e-con-inner\">\n\t\t\t\t<div class=\"elementor-element elementor-element-ca6aba1 fildariane elementor-widget elementor-widget-global elementor-global-5594 elementor-global-2255 elementor-widget-html\" data-id=\"ca6aba1\" data-element_type=\"widget\" data-e-type=\"widget\" data-widget_type=\"html.default\">\n\t\t\t\t\t<nav aria-label=\"breadcrumbs\" class=\"rank-math-breadcrumb\"><p><a href=\"https:\/\/parcdubocasse.preprod.d-impulse.com\/en\" target=\"_blank\" rel=\"noopener\">Home<\/a><span class=\"separator\"> &gt; <\/span><a href=\"https:\/\/parcdubocasse.fr\/en\/useful-informations\/\">Practical information<\/a><span class=\"separator\"> &gt; <\/span><span class=\"last\">Home<\/span><\/p><\/nav>\t\t\t\t<\/div>\n\t\t<div class=\"elementor-element elementor-element-7106588 e-con-full e-flex e-con e-child\" data-id=\"7106588\" data-element_type=\"container\" data-e-type=\"container\">\n\t\t\t\t<div class=\"elementor-element elementor-element-9d523e3 text-shadow elementor-widget elementor-widget-heading\" data-id=\"9d523e3\" data-element_type=\"widget\" data-e-type=\"widget\" data-widget_type=\"heading.default\">\n\t\t\t\t\t<h1 class=\"elementor-heading-title elementor-size-default\">Le plan du parc<\/h1>\t\t\t\t<\/div>\n\t\t\t\t<\/div>\n\t\t\t\t\t<\/div>\n\t\t\t\t<\/div>\n\t\t\t\t<\/div>\n\t\t<main class=\"elementor-element elementor-element-eb68c9d e-flex e-con-boxed e-con e-parent\" data-id=\"eb68c9d\" data-element_type=\"container\" data-e-type=\"container\" data-settings=\"{&quot;background_background&quot;:&quot;classic&quot;}\">\n\t\t\t\t\t<div class=\"e-con-inner\">\n\t\t\t\t<div class=\"elementor-element elementor-element-607e262 elementor-widget__width-initial elementor-widget-tablet__width-initial elementor-widget elementor-widget-text-editor\" data-id=\"607e262\" data-element_type=\"widget\" data-e-type=\"widget\" data-widget_type=\"text-editor.default\">\n\t\t\t\t\t\t\t\t\t<p><strong>Pratique<\/strong> : organisez votre journ\u00e9e en t\u00e9l\u00e9chargeant le plan malin et emportez-le avec vous le jour de votre visite. Dans votre poche ou sur votre t\u00e9l\u00e9phone, il vous sera utile pour suivre votre programme \u00e0 la lettre !<\/p>\t\t\t\t\t\t\t\t<\/div>\n\t\t\t\t<div class=\"elementor-element elementor-element-adcb8de cta elementor-widget elementor-widget-button\" data-id=\"adcb8de\" data-element_type=\"widget\" data-e-type=\"widget\" data-widget_type=\"button.default\">\n\t\t\t\t\t\t\t\t\t\t<a class=\"elementor-button elementor-size-sm\" role=\"button\">\n\t\t\t\t\t\t<span class=\"elementor-button-content-wrapper\">\n\t\t\t\t\t\t<span class=\"elementor-button-icon\">\n\t\t\t\t<svg aria-hidden=\"true\" class=\"e-font-icon-svg e-fas-download\" viewBox=\"0 0 512 512\" xmlns=\"http:\/\/www.w3.org\/2000\/svg\"><path d=\"M216 0h80c13.3 0 24 10.7 24 24v168h87.7c17.8 0 26.7 21.5 14.1 34.1L269.7 378.3c-7.5 7.5-19.8 7.5-27.3 0L90.1 226.1c-12.6-12.6-3.7-34.1 14.1-34.1H192V24c0-13.3 10.7-24 24-24zm296 376v112c0 13.3-10.7 24-24 24H24c-13.3 0-24-10.7-24-24V376c0-13.3 10.7-24 24-24h146.7l49 49c20.1 20.1 52.5 20.1 72.6 0l49-49H488c13.3 0 24 10.7 24 24zm-124 88c0-11-9-20-20-20s-20 9-20 20 9 20 20 20 20-9 20-20zm64 0c0-11-9-20-20-20s-20 9-20 20 9 20 20 20 20-9 20-20z\"><\/path><\/svg>\t\t\t<\/span>\n\t\t\t\t\t\t\t\t\t<span class=\"elementor-button-text\">T\u00e9l\u00e9charger le plan<\/span>\n\t\t\t\t\t<\/span>\n\t\t\t\t\t<\/a>\n\t\t\t\t\t\t\t\t<\/div>\n\t\t\t\t\t<\/div>\n\t\t\t\t<\/main>\n\t\t\t\t<\/div>\n\t\t","protected":false},"excerpt":{"rendered":"<p>Le plan du parc Pratique : organisez votre journ\u00e9e en t\u00e9l\u00e9chargeant le plan malin et emportez-le avec vous le jour de votre visite. Dans votre poche ou sur votre t\u00e9l\u00e9phone, il vous sera utile pour suivre votre programme \u00e0 la lettre ! T\u00e9l\u00e9charger le plan<\/p>\n","protected":false},"author":1,"featured_media":0,"parent":4058,"menu_order":0,"comment_status":"closed","ping_status":"closed","template":"","meta":{"_acf_changed":false,"footnotes":""},"class_list":["post-3804","page","type-page","status-publish","hentry"],"acf":[],"_links":{"self":[{"href":"https:\/\/parcdubocasse.fr\/en\/wp-json\/wp\/v2\/pages\/3804","targetHints":{"allow":["GET"]}}],"collection":[{"href":"https:\/\/parcdubocasse.fr\/en\/wp-json\/wp\/v2\/pages"}],"about":[{"href":"https:\/\/parcdubocasse.fr\/en\/wp-json\/wp\/v2\/types\/page"}],"author":[{"embeddable":true,"href":"https:\/\/parcdubocasse.fr\/en\/wp-json\/wp\/v2\/users\/1"}],"replies":[{"embeddable":true,"href":"https:\/\/parcdubocasse.fr\/en\/wp-json\/wp\/v2\/comments?post=3804"}],"version-history":[{"count":0,"href":"https:\/\/parcdubocasse.fr\/en\/wp-json\/wp\/v2\/pages\/3804\/revisions"}],"up":[{"embeddable":true,"href":"https:\/\/parcdubocasse.fr\/en\/wp-json\/wp\/v2\/pages\/4058"}],"wp:attachment":[{"href":"https:\/\/parcdubocasse.fr\/en\/wp-json\/wp\/v2\/media?parent=3804"}],"curies":[{"name":"wp","href":"https:\/\/api.w.org\/{rel}","templated":true}]}}